{"id":39,"date":"2026-03-15T18:41:48","date_gmt":"2026-03-15T18:41:48","guid":{"rendered":"https:\/\/greenmobileclean.de\/ressourcen\/"},"modified":"2026-03-16T12:07:32","modified_gmt":"2026-03-16T12:07:32","slug":"ressourcen","status":"publish","type":"page","link":"https:\/\/greenmobileclean.de\/en\/ressourcen\/","title":{"rendered":"Ressourcen"},"content":{"rendered":"<div class=\"wp-block-group alignfull is-style-ext-preset--group--natural-1--section has-background-background-color has-background has-global-padding is-layout-constrained wp-container-core-group-is-layout-e955bbaf wp-block-group-is-layout-constrained\" id=\"resources\" style=\"margin-top:0;margin-bottom:0;padding-top:var(--wp--preset--spacing--70);padding-bottom:var(--wp--preset--spacing--70)\">\n<h2 class=\"wp-block-heading has-text-align-center ext-animate--on\">Umweltfreundliche Autoreinigung, wann Sie m\u00f6chten<\/h2>\n\n\n\n<p class=\"has-text-align-center ext-animate--on\" style=\"margin-top:1.5rem\">Dieser Abschnitt hebt wichtige Ressourcen hervor, die zur Unterst\u00fctzung von Lernen und Entwicklung in verschiedenen Bereichen konzipiert wurden.<\/p>\n\n\n\n<div class=\"wp-block-columns alignwide is-layout-flex wp-container-core-columns-is-layout-08c01c1c wp-block-columns-is-layout-flex\">\n<div class=\"wp-block-column is-vertically-aligned-stretch ext-animate--on is-layout-flow wp-container-core-column-is-layout-f5bb311e wp-block-column-is-layout-flow\">\n<div class=\"wp-block-group is-style-ext-preset--group--natural-1--item-card-1--align-center has-global-padding is-layout-constrained wp-block-group-is-layout-constrained is-style-ext-preset--group--natural-1--item-card-1--align-center--2\">\n<figure class=\"wp-block-image aligncenter size-large ext-aspect-landscape\"><img loading=\"lazy\" decoding=\"async\" width=\"1440\" height=\"960\" class=\"wp-image-98\" src=\"https:\/\/greenmobileclean.de\/wp-content\/uploads\/2026\/03\/c80febf62b9fd8265b66a3fe3bb825102208cbba.jpg\" alt=\"\" style=\"aspect-ratio:4\/3;object-fit:cover\" srcset=\"https:\/\/greenmobileclean.de\/wp-content\/uploads\/2026\/03\/c80febf62b9fd8265b66a3fe3bb825102208cbba.jpg 1440w, https:\/\/greenmobileclean.de\/wp-content\/uploads\/2026\/03\/c80febf62b9fd8265b66a3fe3bb825102208cbba-300x200.jpg 300w, https:\/\/greenmobileclean.de\/wp-content\/uploads\/2026\/03\/c80febf62b9fd8265b66a3fe3bb825102208cbba-1024x683.jpg 1024w, https:\/\/greenmobileclean.de\/wp-content\/uploads\/2026\/03\/c80febf62b9fd8265b66a3fe3bb825102208cbba-768x512.jpg 768w, https:\/\/greenmobileclean.de\/wp-content\/uploads\/2026\/03\/c80febf62b9fd8265b66a3fe3bb825102208cbba-18x12.jpg 18w, https:\/\/greenmobileclean.de\/wp-content\/uploads\/2026\/03\/c80febf62b9fd8265b66a3fe3bb825102208cbba-600x400.jpg 600w\" sizes=\"auto, (max-width: 1440px) 100vw, 1440px\" \/><\/figure>\n\n\n\n<div class=\"wp-block-group is-style-default has-global-padding is-layout-constrained wp-block-group-is-layout-constrained\">\n<h3 class=\"wp-block-heading has-text-align-center\">Thema Eins<\/h3>\n\n\n\n<p class=\"has-text-align-center\">Dieses Thema umfasst wesentliche Konzepte, um Ihr Verst\u00e4ndnis zu vertiefen.<\/p>\n\n\n\n<div class=\"wp-block-buttons is-content-justification-center is-layout-flex wp-container-core-buttons-is-layout-a89b3969 wp-block-buttons-is-layout-flex\">\n<div class=\"wp-block-button is-style-ext-preset--button--natural-1--button-1 is-style-ext-preset--button--natural-1--button-1--3\"><a class=\"wp-block-button__link wp-element-button\" href=\"https:\/\/greenmobileclean.de\/en\/kontakt\/\">Erkunde mehr<\/a><\/div>\n<\/div>\n<\/div>\n<\/div>\n<\/div>\n\n\n\n<div class=\"wp-block-column is-vertically-aligned-stretch ext-animate--on is-layout-flow wp-container-core-column-is-layout-f5bb311e wp-block-column-is-layout-flow\">\n<div class=\"wp-block-group is-style-ext-preset--group--natural-1--item-card-1--align-center has-global-padding is-layout-constrained wp-block-group-is-layout-constrained is-style-ext-preset--group--natural-1--item-card-1--align-center--4\">\n<figure class=\"wp-block-image aligncenter size-large ext-aspect-landscape\"><img loading=\"lazy\" decoding=\"async\" width=\"1280\" height=\"720\" class=\"wp-image-110\" src=\"https:\/\/greenmobileclean.de\/wp-content\/uploads\/2026\/03\/6ddc54ce26a76a50ebe355025c64aead31358e18.jpg\" alt=\"\" style=\"aspect-ratio:4\/3;object-fit:cover\" srcset=\"https:\/\/greenmobileclean.de\/wp-content\/uploads\/2026\/03\/6ddc54ce26a76a50ebe355025c64aead31358e18.jpg 1280w, https:\/\/greenmobileclean.de\/wp-content\/uploads\/2026\/03\/6ddc54ce26a76a50ebe355025c64aead31358e18-300x169.jpg 300w, https:\/\/greenmobileclean.de\/wp-content\/uploads\/2026\/03\/6ddc54ce26a76a50ebe355025c64aead31358e18-1024x576.jpg 1024w, https:\/\/greenmobileclean.de\/wp-content\/uploads\/2026\/03\/6ddc54ce26a76a50ebe355025c64aead31358e18-768x432.jpg 768w, https:\/\/greenmobileclean.de\/wp-content\/uploads\/2026\/03\/6ddc54ce26a76a50ebe355025c64aead31358e18-18x10.jpg 18w, https:\/\/greenmobileclean.de\/wp-content\/uploads\/2026\/03\/6ddc54ce26a76a50ebe355025c64aead31358e18-600x338.jpg 600w\" sizes=\"auto, (max-width: 1280px) 100vw, 1280px\" \/><\/figure>\n\n\n\n<div class=\"wp-block-group is-style-default has-global-padding is-layout-constrained wp-block-group-is-layout-constrained\">\n<h3 class=\"wp-block-heading has-text-align-center\">Thema Zwei<\/h3>\n\n\n\n<p class=\"has-text-align-center\">Dieses Thema behandelt fortgeschrittene Strategien und Techniken.<\/p>\n\n\n\n<div class=\"wp-block-buttons is-content-justification-center is-layout-flex wp-container-core-buttons-is-layout-a89b3969 wp-block-buttons-is-layout-flex\">\n<div class=\"wp-block-button is-style-ext-preset--button--natural-1--button-1 is-style-ext-preset--button--natural-1--button-1--5\"><a class=\"wp-block-button__link wp-element-button\" href=\"https:\/\/greenmobileclean.de\/en\/kontakt\/\">Erkunde mehr<\/a><\/div>\n<\/div>\n<\/div>\n<\/div>\n<\/div>\n\n\n\n<div class=\"wp-block-column is-vertically-aligned-stretch ext-animate--on is-layout-flow wp-container-core-column-is-layout-f5bb311e wp-block-column-is-layout-flow\">\n<div class=\"wp-block-group is-style-ext-preset--group--natural-1--item-card-1--align-center has-global-padding is-layout-constrained wp-block-group-is-layout-constrained is-style-ext-preset--group--natural-1--item-card-1--align-center--6\">\n<figure class=\"wp-block-image aligncenter size-large ext-aspect-landscape\"><img loading=\"lazy\" decoding=\"async\" width=\"1440\" height=\"960\" class=\"wp-image-95\" src=\"https:\/\/greenmobileclean.de\/wp-content\/uploads\/2026\/03\/fbd89f7de3cd72c5d3954287536c44893b366666.jpg\" alt=\"\" style=\"aspect-ratio:4\/3;object-fit:cover\" srcset=\"https:\/\/greenmobileclean.de\/wp-content\/uploads\/2026\/03\/fbd89f7de3cd72c5d3954287536c44893b366666.jpg 1440w, https:\/\/greenmobileclean.de\/wp-content\/uploads\/2026\/03\/fbd89f7de3cd72c5d3954287536c44893b366666-300x200.jpg 300w, https:\/\/greenmobileclean.de\/wp-content\/uploads\/2026\/03\/fbd89f7de3cd72c5d3954287536c44893b366666-1024x683.jpg 1024w, https:\/\/greenmobileclean.de\/wp-content\/uploads\/2026\/03\/fbd89f7de3cd72c5d3954287536c44893b366666-768x512.jpg 768w, https:\/\/greenmobileclean.de\/wp-content\/uploads\/2026\/03\/fbd89f7de3cd72c5d3954287536c44893b366666-18x12.jpg 18w, https:\/\/greenmobileclean.de\/wp-content\/uploads\/2026\/03\/fbd89f7de3cd72c5d3954287536c44893b366666-600x400.jpg 600w\" sizes=\"auto, (max-width: 1440px) 100vw, 1440px\" \/><\/figure>\n\n\n\n<div class=\"wp-block-group is-style-default has-global-padding is-layout-constrained wp-block-group-is-layout-constrained\">\n<h3 class=\"wp-block-heading has-text-align-center\">Thema Drei<\/h3>\n\n\n\n<p class=\"has-text-align-center\">Erkunden Sie dieses Thema f\u00fcr grundlegendes Wissen und Erkenntnisse.<\/p>\n\n\n\n<div class=\"wp-block-buttons is-content-justification-center is-layout-flex wp-container-core-buttons-is-layout-a89b3969 wp-block-buttons-is-layout-flex\">\n<div class=\"wp-block-button is-style-ext-preset--button--natural-1--button-1 is-style-ext-preset--button--natural-1--button-1--7\"><a class=\"wp-block-button__link wp-element-button\" href=\"https:\/\/greenmobileclean.de\/en\/kontakt\/\">Erkunde mehr<\/a><\/div>\n<\/div>\n<\/div>\n<\/div>\n<\/div>\n<\/div>\n<\/div>\n\n<div class=\"wp-block-group alignfull is-style-ext-preset--group--natural-1--section has-tertiary-background-color has-background has-global-padding is-layout-constrained wp-container-core-group-is-layout-e955bbaf wp-block-group-is-layout-constrained\" id=\"faq\" style=\"margin-top:0;margin-bottom:0;padding-top:var(--wp--preset--spacing--70);padding-bottom:var(--wp--preset--spacing--70)\">\n<div class=\"wp-block-group alignwide ext-is-logical-start has-global-padding is-content-justification-left is-layout-constrained wp-container-core-group-is-layout-20186816 wp-block-group-is-layout-constrained\">\n<h2 class=\"wp-block-heading ext-animate--on\">Umweltfreundliche Fahrzeugpflege f\u00fcr strahlenden Glanz<\/h2>\n\n\n\n<p class=\"ext-animate--on\">Hier finden Sie Antworten auf h\u00e4ufige Fragen, damit Sie schnell die gew\u00fcnschten Informationen erhalten.<\/p>\n<\/div>\n\n\n\n<div class=\"wp-block-columns alignwide is-layout-flex wp-container-core-columns-is-layout-08c01c1c wp-block-columns-is-layout-flex\">\n<div class=\"wp-block-column ext-animate--on is-layout-flow wp-container-core-column-is-layout-119bc444 wp-block-column-is-layout-flow\">\n<div class=\"wp-block-group is-style-ext-preset--group--natural-1--item-card-1--align-start has-global-padding is-layout-constrained wp-block-group-is-layout-constrained is-style-ext-preset--group--natural-1--item-card-1--align-start--9\">\n<div class=\"wp-block-group is-style-default has-global-padding is-layout-constrained wp-block-group-is-layout-constrained\">\n<h3 class=\"wp-block-heading\">Welche umweltfreundlichen Reinigungsmittel verwenden Sie?<\/h3>\n\n\n\n<p>Wir nutzen ausschlie\u00dflich biologisch abbaubare und schadstofffreie Reinigungsmittel.<\/p>\n<\/div>\n<\/div>\n<\/div>\n\n\n\n<div class=\"wp-block-column ext-animate--on is-layout-flow wp-container-core-column-is-layout-119bc444 wp-block-column-is-layout-flow\">\n<div class=\"wp-block-group is-style-ext-preset--group--natural-1--item-card-1--align-start has-global-padding is-layout-constrained wp-block-group-is-layout-constrained is-style-ext-preset--group--natural-1--item-card-1--align-start--10\">\n<div class=\"wp-block-group is-style-default has-global-padding is-layout-constrained wp-block-group-is-layout-constrained\">\n<h3 class=\"wp-block-heading\">Wie oft kann ich einen Termin buchen?<\/h3>\n\n\n\n<p>Unsere Termine sind alle zwei Stunden flexibel buchbar, ganz nach Ihrem Zeitplan.<\/p>\n<\/div>\n<\/div>\n<\/div>\n<\/div>\n\n\n\n<div class=\"wp-block-columns alignwide is-layout-flex wp-container-core-columns-is-layout-967d05ff wp-block-columns-is-layout-flex\" style=\"margin-top:var(--wp--preset--spacing--40)\">\n<div class=\"wp-block-column ext-animate--on is-layout-flow wp-container-core-column-is-layout-119bc444 wp-block-column-is-layout-flow\">\n<div class=\"wp-block-group is-style-ext-preset--group--natural-1--item-card-1--align-start has-global-padding is-layout-constrained wp-block-group-is-layout-constrained is-style-ext-preset--group--natural-1--item-card-1--align-start--11\">\n<div class=\"wp-block-group is-style-default has-global-padding is-layout-constrained wp-block-group-is-layout-constrained\">\n<h3 class=\"wp-block-heading\">Kann ich mein Fahrzeug auch online anmelden?<\/h3>\n\n\n\n<p>Ja, Sie k\u00f6nnen bequem online den Fahrzeugtyp und Abholort angeben und buchen.<\/p>\n<\/div>\n<\/div>\n<\/div>\n\n\n\n<div class=\"wp-block-column ext-animate--on is-layout-flow wp-container-core-column-is-layout-119bc444 wp-block-column-is-layout-flow\">\n<div class=\"wp-block-group is-style-ext-preset--group--natural-1--item-card-1--align-start has-global-padding is-layout-constrained wp-block-group-is-layout-constrained is-style-ext-preset--group--natural-1--item-card-1--align-start--12\">\n<div class=\"wp-block-group is-style-default has-global-padding is-layout-constrained wp-block-group-is-layout-constrained\">\n<h3 class=\"wp-block-heading\">Bieten Sie auch Abo-Modelle f\u00fcr regelm\u00e4\u00dfige Reinigung an?<\/h3>\n\n\n\n<p>Ja, wir bieten praktische Abonnements, um Ihr Fahrzeug dauerhaft gepflegt zu halten.<\/p>\n<\/div>\n<\/div>\n<\/div>\n<\/div>\n\n\n\n<div class=\"wp-block-columns alignwide is-layout-flex wp-container-core-columns-is-layout-967d05ff wp-block-columns-is-layout-flex\" style=\"margin-top:var(--wp--preset--spacing--40)\">\n<div class=\"wp-block-column ext-animate--on is-layout-flow wp-container-core-column-is-layout-119bc444 wp-block-column-is-layout-flow\">\n<div class=\"wp-block-group is-style-ext-preset--group--natural-1--item-card-1--align-start has-global-padding is-layout-constrained wp-block-group-is-layout-constrained is-style-ext-preset--group--natural-1--item-card-1--align-start--13\">\n<div class=\"wp-block-group is-style-default has-global-padding is-layout-constrained wp-block-group-is-layout-constrained\">\n<h3 class=\"wp-block-heading\">Welche Leistungen sind in der Basisreinigung enthalten?<\/h3>\n\n\n\n<p>Die Basisreinigung umfasst Au\u00dfenw\u00e4sche, Innenreinigung und Fensterreinigung.<\/p>\n<\/div>\n<\/div>\n<\/div>\n\n\n\n<div class=\"wp-block-column ext-animate--on is-layout-flow wp-container-core-column-is-layout-119bc444 wp-block-column-is-layout-flow\">\n<div class=\"wp-block-group is-style-ext-preset--group--natural-1--item-card-1--align-start has-global-padding is-layout-constrained wp-block-group-is-layout-constrained is-style-ext-preset--group--natural-1--item-card-1--align-start--14\">\n<div class=\"wp-block-group is-style-default has-global-padding is-layout-constrained wp-block-group-is-layout-constrained\">\n<h3 class=\"wp-block-heading\">Wie erhalte ich die Buchungsbest\u00e4tigung?<\/h3>\n\n\n\n<p>Nach der Buchung erhalten Sie eine Best\u00e4tigung per E-Mail mit allen Details.<\/p>\n<\/div>\n<\/div>\n<\/div>\n<\/div>\n<\/div>\n\n<div class=\"wp-block-group alignfull is-style-ext-preset--group--natural-1--section has-background-background-color has-background has-global-padding is-layout-constrained wp-container-core-group-is-layout-e955bbaf wp-block-group-is-layout-constrained\" id=\"services\" style=\"margin-top:0;margin-bottom:0;padding-top:var(--wp--preset--spacing--70);padding-bottom:var(--wp--preset--spacing--70)\">\n<h2 class=\"wp-block-heading has-text-align-center ext-animate--on\">Flexible Abonnements f\u00fcr saubere Fahrzeuge<\/h2>\n\n\n\n<p class=\"has-text-align-center ext-animate--on\" style=\"margin-top:1.5rem\">Entdecken Sie unsere umweltfreundlichen Reinigungsservices, die Qualit\u00e4t und Kundenzufriedenheit garantieren.<\/p>\n\n\n\n<div class=\"wp-block-columns alignwide is-layout-flex wp-container-core-columns-is-layout-08c01c1c wp-block-columns-is-layout-flex\">\n<div class=\"wp-block-column ext-animate--on is-layout-flow wp-block-column-is-layout-flow\">\n<div class=\"wp-block-group is-style-ext-preset--group--natural-1--item-card-1--align-center has-global-padding is-layout-constrained wp-block-group-is-layout-constrained is-style-ext-preset--group--natural-1--item-card-1--align-center--16\">\n<figure class=\"wp-block-image\"><img loading=\"lazy\" decoding=\"async\" width=\"960\" height=\"1440\" class=\"wp-image-107\" src=\"https:\/\/greenmobileclean.de\/wp-content\/uploads\/2026\/03\/5835f05f11c801bc6e20f251f99fdd83e093123e.jpg\" alt=\"\" style=\"aspect-ratio:4\/3;object-fit:cover\" srcset=\"https:\/\/greenmobileclean.de\/wp-content\/uploads\/2026\/03\/5835f05f11c801bc6e20f251f99fdd83e093123e.jpg 960w, https:\/\/greenmobileclean.de\/wp-content\/uploads\/2026\/03\/5835f05f11c801bc6e20f251f99fdd83e093123e-200x300.jpg 200w, https:\/\/greenmobileclean.de\/wp-content\/uploads\/2026\/03\/5835f05f11c801bc6e20f251f99fdd83e093123e-683x1024.jpg 683w, https:\/\/greenmobileclean.de\/wp-content\/uploads\/2026\/03\/5835f05f11c801bc6e20f251f99fdd83e093123e-768x1152.jpg 768w, https:\/\/greenmobileclean.de\/wp-content\/uploads\/2026\/03\/5835f05f11c801bc6e20f251f99fdd83e093123e-8x12.jpg 8w, https:\/\/greenmobileclean.de\/wp-content\/uploads\/2026\/03\/5835f05f11c801bc6e20f251f99fdd83e093123e-600x900.jpg 600w\" sizes=\"auto, (max-width: 960px) 100vw, 960px\" \/><\/figure>\n\n\n\n<div class=\"wp-block-group is-style-default has-global-padding is-layout-constrained wp-block-group-is-layout-constrained\">\n<h3 class=\"wp-block-heading has-text-align-center\">Basisfahrzeugreinigung<\/h3>\n\n\n\n<p class=\"has-text-align-center\">Wir k\u00fcmmern uns effizient um die gr\u00fcndliche Au\u00dfen- und Innenreinigung Ihres Fahrzeugs.<\/p>\n<\/div>\n<\/div>\n<\/div>\n\n\n\n<div class=\"wp-block-column ext-animate--on is-layout-flow wp-block-column-is-layout-flow\">\n<div class=\"wp-block-group is-style-ext-preset--group--natural-1--item-card-1--align-center has-global-padding is-layout-constrained wp-block-group-is-layout-constrained is-style-ext-preset--group--natural-1--item-card-1--align-center--17\">\n<figure class=\"wp-block-image\"><img loading=\"lazy\" decoding=\"async\" width=\"1440\" height=\"960\" class=\"wp-image-98\" src=\"https:\/\/greenmobileclean.de\/wp-content\/uploads\/2026\/03\/c80febf62b9fd8265b66a3fe3bb825102208cbba.jpg\" alt=\"\" style=\"aspect-ratio:4\/3;object-fit:cover\" srcset=\"https:\/\/greenmobileclean.de\/wp-content\/uploads\/2026\/03\/c80febf62b9fd8265b66a3fe3bb825102208cbba.jpg 1440w, https:\/\/greenmobileclean.de\/wp-content\/uploads\/2026\/03\/c80febf62b9fd8265b66a3fe3bb825102208cbba-300x200.jpg 300w, https:\/\/greenmobileclean.de\/wp-content\/uploads\/2026\/03\/c80febf62b9fd8265b66a3fe3bb825102208cbba-1024x683.jpg 1024w, https:\/\/greenmobileclean.de\/wp-content\/uploads\/2026\/03\/c80febf62b9fd8265b66a3fe3bb825102208cbba-768x512.jpg 768w, https:\/\/greenmobileclean.de\/wp-content\/uploads\/2026\/03\/c80febf62b9fd8265b66a3fe3bb825102208cbba-18x12.jpg 18w, https:\/\/greenmobileclean.de\/wp-content\/uploads\/2026\/03\/c80febf62b9fd8265b66a3fe3bb825102208cbba-600x400.jpg 600w\" sizes=\"auto, (max-width: 1440px) 100vw, 1440px\" \/><\/figure>\n\n\n\n<div class=\"wp-block-group is-style-default has-global-padding is-layout-constrained wp-block-group-is-layout-constrained\">\n<h3 class=\"wp-block-heading has-text-align-center\">Detaillierte Fahrzeugpflege<\/h3>\n\n\n\n<p class=\"has-text-align-center\">Individuelle Aufbereitung f\u00fcr makellosen Glanz und Schutz Ihres Autos.<\/p>\n<\/div>\n<\/div>\n<\/div>\n\n\n\n<div class=\"wp-block-column ext-animate--on is-layout-flow wp-block-column-is-layout-flow\">\n<div class=\"wp-block-group is-style-ext-preset--group--natural-1--item-card-1--align-center has-global-padding is-layout-constrained wp-block-group-is-layout-constrained is-style-ext-preset--group--natural-1--item-card-1--align-center--18\">\n<figure class=\"wp-block-image\"><img loading=\"lazy\" decoding=\"async\" width=\"1080\" height=\"1440\" class=\"wp-image-103\" src=\"https:\/\/greenmobileclean.de\/wp-content\/uploads\/2026\/03\/9cfd18785d4fa4696979948c097a20152ebae4ee.jpg\" alt=\"\" style=\"aspect-ratio:4\/3;object-fit:cover\" srcset=\"https:\/\/greenmobileclean.de\/wp-content\/uploads\/2026\/03\/9cfd18785d4fa4696979948c097a20152ebae4ee.jpg 1080w, https:\/\/greenmobileclean.de\/wp-content\/uploads\/2026\/03\/9cfd18785d4fa4696979948c097a20152ebae4ee-225x300.jpg 225w, https:\/\/greenmobileclean.de\/wp-content\/uploads\/2026\/03\/9cfd18785d4fa4696979948c097a20152ebae4ee-768x1024.jpg 768w, https:\/\/greenmobileclean.de\/wp-content\/uploads\/2026\/03\/9cfd18785d4fa4696979948c097a20152ebae4ee-9x12.jpg 9w, https:\/\/greenmobileclean.de\/wp-content\/uploads\/2026\/03\/9cfd18785d4fa4696979948c097a20152ebae4ee-600x800.jpg 600w\" sizes=\"auto, (max-width: 1080px) 100vw, 1080px\" \/><\/figure>\n\n\n\n<div class=\"wp-block-group is-style-default has-global-padding is-layout-constrained wp-block-group-is-layout-constrained\">\n<h3 class=\"wp-block-heading has-text-align-center\">Abhol- und Bringservice<\/h3>\n\n\n\n<p class=\"has-text-align-center\">Bequeme Fahrzeugabholung und R\u00fcckgabe direkt bei Ihnen vor der Haust\u00fcr.<\/p>\n<\/div>\n<\/div>\n<\/div>\n<\/div>\n<\/div>","protected":false},"excerpt":{"rendered":"<p>Umweltfreundliche Autoreinigung, wann Sie m\u00f6chten Dieser Abschnitt hebt wichtige Ressourcen hervor, die zur Unterst\u00fctzung von Lernen und Entwicklung in verschiedenen Bereichen konzipiert wurden. Thema Eins Dieses Thema umfasst wesentliche Konzepte, um Ihr Verst\u00e4ndnis zu vertiefen. Thema Zwei Dieses Thema behandelt fortgeschrittene Strategien und Techniken. Thema Drei Erkunden Sie dieses Thema f\u00fcr grundlegendes Wissen und Erkenntnisse. [&hellip;]<\/p>\n","protected":false},"author":1,"featured_media":0,"parent":0,"menu_order":0,"comment_status":"closed","ping_status":"closed","template":"page-with-title","meta":{"footnotes":""},"class_list":["post-39","page","type-page","status-publish","hentry"],"jetpack_sharing_enabled":true,"_links":{"self":[{"href":"https:\/\/greenmobileclean.de\/en\/wp-json\/wp\/v2\/pages\/39","targetHints":{"allow":["GET"]}}],"collection":[{"href":"https:\/\/greenmobileclean.de\/en\/wp-json\/wp\/v2\/pages"}],"about":[{"href":"https:\/\/greenmobileclean.de\/en\/wp-json\/wp\/v2\/types\/page"}],"author":[{"embeddable":true,"href":"https:\/\/greenmobileclean.de\/en\/wp-json\/wp\/v2\/users\/1"}],"replies":[{"embeddable":true,"href":"https:\/\/greenmobileclean.de\/en\/wp-json\/wp\/v2\/comments?post=39"}],"version-history":[{"count":2,"href":"https:\/\/greenmobileclean.de\/en\/wp-json\/wp\/v2\/pages\/39\/revisions"}],"predecessor-version":[{"id":115,"href":"https:\/\/greenmobileclean.de\/en\/wp-json\/wp\/v2\/pages\/39\/revisions\/115"}],"wp:attachment":[{"href":"https:\/\/greenmobileclean.de\/en\/wp-json\/wp\/v2\/media?parent=39"}],"curies":[{"name":"wp","href":"https:\/\/api.w.org\/{rel}","templated":true}]}}