{"id":37,"date":"2026-03-15T18:41:47","date_gmt":"2026-03-15T18:41:47","guid":{"rendered":"https:\/\/greenmobileclean.de\/galerie\/"},"modified":"2026-03-16T12:07:30","modified_gmt":"2026-03-16T12:07:30","slug":"galerie","status":"publish","type":"page","link":"https:\/\/greenmobileclean.de\/en\/galerie\/","title":{"rendered":"Galerie"},"content":{"rendered":"<div class=\"wp-block-group alignfull is-style-ext-preset--group--natural-1--section has-background-background-color has-background has-global-padding is-layout-constrained wp-container-core-group-is-layout-f72f1611 wp-block-group-is-layout-constrained\" id=\"gallery\" style=\"margin-top:0;margin-bottom:0;padding-top:var(--wp--preset--spacing--70);padding-bottom:var(--wp--preset--spacing--70)\">\n<div class=\"wp-block-group alignwide ext-is-logical-start has-global-padding is-content-justification-left is-layout-constrained wp-container-core-group-is-layout-6729bdbe wp-block-group-is-layout-constrained\">\n<h2 class=\"wp-block-heading ext-animate--on\">Umweltfreundliche Fahrzeugpflege, schnell und flexibel<\/h2>\n\n\n\n<p class=\"has-text-align-left ext-animate--on\">Entdecken Sie unsere Galerie mit Bildern, die unsere nachhaltigen und praktischen Reinigungsservices widerspiegeln.<\/p>\n<\/div>\n\n\n\n<div class=\"wp-block-columns alignwide is-layout-flex wp-container-core-columns-is-layout-87beb0d0 wp-block-columns-is-layout-flex\">\n<div class=\"wp-block-column is-vertically-aligned-stretch ext-animate--on is-layout-flow wp-container-core-column-is-layout-f5bb311e wp-block-column-is-layout-flow\" style=\"flex-basis:50%\">\n<div class=\"wp-block-cover is-style-ext-preset--image--natural-1--image-1--content-top is-style-ext-preset--image--natural-1--image-1--content-top--2\" style=\"padding-top:0;padding-bottom:0;min-height:100%;aspect-ratio:unset;\"><img loading=\"lazy\" decoding=\"async\" width=\"1440\" height=\"960\" class=\"wp-block-cover__image-background wp-image-105\" alt=\"\" src=\"https:\/\/greenmobileclean.de\/wp-content\/uploads\/2026\/03\/28c13a63c57745bc4286301588a39b9cd690d23f.jpg\" data-object-fit=\"cover\" srcset=\"https:\/\/greenmobileclean.de\/wp-content\/uploads\/2026\/03\/28c13a63c57745bc4286301588a39b9cd690d23f.jpg 1440w, https:\/\/greenmobileclean.de\/wp-content\/uploads\/2026\/03\/28c13a63c57745bc4286301588a39b9cd690d23f-300x200.jpg 300w, https:\/\/greenmobileclean.de\/wp-content\/uploads\/2026\/03\/28c13a63c57745bc4286301588a39b9cd690d23f-1024x683.jpg 1024w, https:\/\/greenmobileclean.de\/wp-content\/uploads\/2026\/03\/28c13a63c57745bc4286301588a39b9cd690d23f-768x512.jpg 768w, https:\/\/greenmobileclean.de\/wp-content\/uploads\/2026\/03\/28c13a63c57745bc4286301588a39b9cd690d23f-18x12.jpg 18w, https:\/\/greenmobileclean.de\/wp-content\/uploads\/2026\/03\/28c13a63c57745bc4286301588a39b9cd690d23f-600x400.jpg 600w\" sizes=\"auto, (max-width: 1440px) 100vw, 1440px\" \/><span aria-hidden=\"true\" class=\"wp-block-cover__background has-background-dim-0 has-background-dim\"><\/span><div class=\"wp-block-cover__inner-container is-layout-flow wp-block-cover-is-layout-flow\">\n<div style=\"height:240px\" aria-hidden=\"true\" class=\"wp-block-spacer\"><\/div>\n<\/div><\/div>\n<\/div>\n\n\n\n<div class=\"wp-block-column is-vertically-aligned-top ext-animate--on is-layout-flow wp-container-core-column-is-layout-f5bb311e wp-block-column-is-layout-flow\">\n<figure class=\"wp-block-image is-style-ext-preset--image--natural-1--image-1--content-top is-style-ext-preset--image--natural-1--image-1--content-top--3\"><img loading=\"lazy\" decoding=\"async\" width=\"1080\" height=\"1440\" class=\"wp-image-103\" src=\"https:\/\/greenmobileclean.de\/wp-content\/uploads\/2026\/03\/9cfd18785d4fa4696979948c097a20152ebae4ee.jpg\" alt=\"\" style=\"aspect-ratio:1;object-fit:cover\" srcset=\"https:\/\/greenmobileclean.de\/wp-content\/uploads\/2026\/03\/9cfd18785d4fa4696979948c097a20152ebae4ee.jpg 1080w, https:\/\/greenmobileclean.de\/wp-content\/uploads\/2026\/03\/9cfd18785d4fa4696979948c097a20152ebae4ee-225x300.jpg 225w, https:\/\/greenmobileclean.de\/wp-content\/uploads\/2026\/03\/9cfd18785d4fa4696979948c097a20152ebae4ee-768x1024.jpg 768w, https:\/\/greenmobileclean.de\/wp-content\/uploads\/2026\/03\/9cfd18785d4fa4696979948c097a20152ebae4ee-9x12.jpg 9w, https:\/\/greenmobileclean.de\/wp-content\/uploads\/2026\/03\/9cfd18785d4fa4696979948c097a20152ebae4ee-600x800.jpg 600w\" sizes=\"auto, (max-width: 1080px) 100vw, 1080px\" \/><\/figure>\n\n\n\n<figure class=\"wp-block-image is-style-ext-preset--image--natural-1--image-1--content-top is-style-ext-preset--image--natural-1--image-1--content-top--4\"><img loading=\"lazy\" decoding=\"async\" width=\"960\" height=\"1440\" class=\"wp-image-106\" src=\"https:\/\/greenmobileclean.de\/wp-content\/uploads\/2026\/03\/12750f30fc03aae345d7a0c46174fba614f304ac.jpg\" alt=\"\" style=\"aspect-ratio:1;object-fit:cover\" srcset=\"https:\/\/greenmobileclean.de\/wp-content\/uploads\/2026\/03\/12750f30fc03aae345d7a0c46174fba614f304ac.jpg 960w, https:\/\/greenmobileclean.de\/wp-content\/uploads\/2026\/03\/12750f30fc03aae345d7a0c46174fba614f304ac-200x300.jpg 200w, https:\/\/greenmobileclean.de\/wp-content\/uploads\/2026\/03\/12750f30fc03aae345d7a0c46174fba614f304ac-683x1024.jpg 683w, https:\/\/greenmobileclean.de\/wp-content\/uploads\/2026\/03\/12750f30fc03aae345d7a0c46174fba614f304ac-768x1152.jpg 768w, https:\/\/greenmobileclean.de\/wp-content\/uploads\/2026\/03\/12750f30fc03aae345d7a0c46174fba614f304ac-8x12.jpg 8w, https:\/\/greenmobileclean.de\/wp-content\/uploads\/2026\/03\/12750f30fc03aae345d7a0c46174fba614f304ac-600x900.jpg 600w\" sizes=\"auto, (max-width: 960px) 100vw, 960px\" \/><\/figure>\n<\/div>\n\n\n\n<div class=\"wp-block-column is-vertically-aligned-top ext-animate--on is-layout-flow wp-container-core-column-is-layout-f5bb311e wp-block-column-is-layout-flow\">\n<figure class=\"wp-block-image is-style-ext-preset--image--natural-1--image-1--content-top is-style-ext-preset--image--natural-1--image-1--content-top--5\"><img loading=\"lazy\" decoding=\"async\" width=\"1440\" height=\"960\" class=\"wp-image-78\" src=\"https:\/\/greenmobileclean.de\/wp-content\/uploads\/2026\/03\/4ee9a1f5545b39230266f34a8b4589b7b8474e35.jpg\" alt=\"\" style=\"aspect-ratio:1;object-fit:cover\"\/><\/figure>\n\n\n\n<figure class=\"wp-block-image is-style-ext-preset--image--natural-1--image-1--content-top is-style-ext-preset--image--natural-1--image-1--content-top--6\"><img loading=\"lazy\" decoding=\"async\" width=\"960\" height=\"1440\" class=\"wp-image-97\" src=\"https:\/\/greenmobileclean.de\/wp-content\/uploads\/2026\/03\/70b773c7fd9dc82c7bc1377f183d4956e0eba79e.jpg\" alt=\"\" style=\"aspect-ratio:1;object-fit:cover\" srcset=\"https:\/\/greenmobileclean.de\/wp-content\/uploads\/2026\/03\/70b773c7fd9dc82c7bc1377f183d4956e0eba79e.jpg 960w, https:\/\/greenmobileclean.de\/wp-content\/uploads\/2026\/03\/70b773c7fd9dc82c7bc1377f183d4956e0eba79e-200x300.jpg 200w, https:\/\/greenmobileclean.de\/wp-content\/uploads\/2026\/03\/70b773c7fd9dc82c7bc1377f183d4956e0eba79e-683x1024.jpg 683w, https:\/\/greenmobileclean.de\/wp-content\/uploads\/2026\/03\/70b773c7fd9dc82c7bc1377f183d4956e0eba79e-768x1152.jpg 768w, https:\/\/greenmobileclean.de\/wp-content\/uploads\/2026\/03\/70b773c7fd9dc82c7bc1377f183d4956e0eba79e-8x12.jpg 8w, https:\/\/greenmobileclean.de\/wp-content\/uploads\/2026\/03\/70b773c7fd9dc82c7bc1377f183d4956e0eba79e-600x900.jpg 600w\" sizes=\"auto, (max-width: 960px) 100vw, 960px\" \/><\/figure>\n<\/div>\n<\/div>\n<\/div>\n\n<div class=\"wp-block-group alignfull is-style-ext-preset--group--natural-1--section has-tertiary-background-color has-background has-global-padding is-layout-constrained wp-container-core-group-is-layout-e955bbaf wp-block-group-is-layout-constrained\" id=\"services\" style=\"margin-top:0;margin-bottom:0;padding-top:var(--wp--preset--spacing--70);padding-bottom:var(--wp--preset--spacing--70)\">\n<h2 class=\"wp-block-heading has-text-align-center ext-animate--on\">Flexibel buchbare Reinigungsabonnements<\/h2>\n\n\n\n<p class=\"has-text-align-center ext-animate--on\" style=\"margin-top:1.5rem\">Erleben Sie unser breites Angebot an umweltfreundlichen Fahrzeugpflegeleistungen, die mit Sorgfalt und Pr\u00e4zision durchgef\u00fchrt werden.<\/p>\n\n\n\n<div class=\"wp-block-columns alignwide is-layout-flex wp-container-core-columns-is-layout-08c01c1c wp-block-columns-is-layout-flex\">\n<div class=\"wp-block-column ext-animate--on is-layout-flow wp-block-column-is-layout-flow\">\n<div class=\"wp-block-group is-style-ext-preset--group--natural-1--item-card-1--align-center has-global-padding is-layout-constrained wp-block-group-is-layout-constrained is-style-ext-preset--group--natural-1--item-card-1--align-center--8\">\n<figure class=\"wp-block-image\"><img loading=\"lazy\" decoding=\"async\" width=\"960\" height=\"1440\" class=\"wp-image-107\" src=\"https:\/\/greenmobileclean.de\/wp-content\/uploads\/2026\/03\/5835f05f11c801bc6e20f251f99fdd83e093123e.jpg\" alt=\"\" style=\"aspect-ratio:4\/3;object-fit:cover\" srcset=\"https:\/\/greenmobileclean.de\/wp-content\/uploads\/2026\/03\/5835f05f11c801bc6e20f251f99fdd83e093123e.jpg 960w, https:\/\/greenmobileclean.de\/wp-content\/uploads\/2026\/03\/5835f05f11c801bc6e20f251f99fdd83e093123e-200x300.jpg 200w, https:\/\/greenmobileclean.de\/wp-content\/uploads\/2026\/03\/5835f05f11c801bc6e20f251f99fdd83e093123e-683x1024.jpg 683w, https:\/\/greenmobileclean.de\/wp-content\/uploads\/2026\/03\/5835f05f11c801bc6e20f251f99fdd83e093123e-768x1152.jpg 768w, https:\/\/greenmobileclean.de\/wp-content\/uploads\/2026\/03\/5835f05f11c801bc6e20f251f99fdd83e093123e-8x12.jpg 8w, https:\/\/greenmobileclean.de\/wp-content\/uploads\/2026\/03\/5835f05f11c801bc6e20f251f99fdd83e093123e-600x900.jpg 600w\" sizes=\"auto, (max-width: 960px) 100vw, 960px\" \/><\/figure>\n\n\n\n<div class=\"wp-block-group is-style-default has-global-padding is-layout-constrained wp-block-group-is-layout-constrained\">\n<h3 class=\"wp-block-heading has-text-align-center\">Basisreinigung<\/h3>\n\n\n\n<p class=\"has-text-align-center\">Ideal f\u00fcr schnelle Auffrischungen, die Ihr Fahrzeug strahlen lassen.<\/p>\n<\/div>\n<\/div>\n<\/div>\n\n\n\n<div class=\"wp-block-column ext-animate--on is-layout-flow wp-block-column-is-layout-flow\">\n<div class=\"wp-block-group is-style-ext-preset--group--natural-1--item-card-1--align-center has-global-padding is-layout-constrained wp-block-group-is-layout-constrained is-style-ext-preset--group--natural-1--item-card-1--align-center--9\">\n<figure class=\"wp-block-image\"><img loading=\"lazy\" decoding=\"async\" width=\"1440\" height=\"960\" class=\"wp-image-98\" src=\"https:\/\/greenmobileclean.de\/wp-content\/uploads\/2026\/03\/c80febf62b9fd8265b66a3fe3bb825102208cbba.jpg\" alt=\"\" style=\"aspect-ratio:4\/3;object-fit:cover\" srcset=\"https:\/\/greenmobileclean.de\/wp-content\/uploads\/2026\/03\/c80febf62b9fd8265b66a3fe3bb825102208cbba.jpg 1440w, https:\/\/greenmobileclean.de\/wp-content\/uploads\/2026\/03\/c80febf62b9fd8265b66a3fe3bb825102208cbba-300x200.jpg 300w, https:\/\/greenmobileclean.de\/wp-content\/uploads\/2026\/03\/c80febf62b9fd8265b66a3fe3bb825102208cbba-1024x683.jpg 1024w, https:\/\/greenmobileclean.de\/wp-content\/uploads\/2026\/03\/c80febf62b9fd8265b66a3fe3bb825102208cbba-768x512.jpg 768w, https:\/\/greenmobileclean.de\/wp-content\/uploads\/2026\/03\/c80febf62b9fd8265b66a3fe3bb825102208cbba-18x12.jpg 18w, https:\/\/greenmobileclean.de\/wp-content\/uploads\/2026\/03\/c80febf62b9fd8265b66a3fe3bb825102208cbba-600x400.jpg 600w\" sizes=\"auto, (max-width: 1440px) 100vw, 1440px\" \/><\/figure>\n\n\n\n<div class=\"wp-block-group is-style-default has-global-padding is-layout-constrained wp-block-group-is-layout-constrained\">\n<h3 class=\"wp-block-heading has-text-align-center\">Innenraumaufbereitung<\/h3>\n\n\n\n<p class=\"has-text-align-center\">Gr\u00fcndliche Reinigung und Pflege f\u00fcr ein frisches Innenraumgef\u00fchl.<\/p>\n<\/div>\n<\/div>\n<\/div>\n\n\n\n<div class=\"wp-block-column ext-animate--on is-layout-flow wp-block-column-is-layout-flow\">\n<div class=\"wp-block-group is-style-ext-preset--group--natural-1--item-card-1--align-center has-global-padding is-layout-constrained wp-block-group-is-layout-constrained is-style-ext-preset--group--natural-1--item-card-1--align-center--10\">\n<figure class=\"wp-block-image\"><img loading=\"lazy\" decoding=\"async\" width=\"1080\" height=\"1440\" class=\"wp-image-103\" src=\"https:\/\/greenmobileclean.de\/wp-content\/uploads\/2026\/03\/9cfd18785d4fa4696979948c097a20152ebae4ee.jpg\" alt=\"\" style=\"aspect-ratio:4\/3;object-fit:cover\" srcset=\"https:\/\/greenmobileclean.de\/wp-content\/uploads\/2026\/03\/9cfd18785d4fa4696979948c097a20152ebae4ee.jpg 1080w, https:\/\/greenmobileclean.de\/wp-content\/uploads\/2026\/03\/9cfd18785d4fa4696979948c097a20152ebae4ee-225x300.jpg 225w, https:\/\/greenmobileclean.de\/wp-content\/uploads\/2026\/03\/9cfd18785d4fa4696979948c097a20152ebae4ee-768x1024.jpg 768w, https:\/\/greenmobileclean.de\/wp-content\/uploads\/2026\/03\/9cfd18785d4fa4696979948c097a20152ebae4ee-9x12.jpg 9w, https:\/\/greenmobileclean.de\/wp-content\/uploads\/2026\/03\/9cfd18785d4fa4696979948c097a20152ebae4ee-600x800.jpg 600w\" sizes=\"auto, (max-width: 1080px) 100vw, 1080px\" \/><\/figure>\n\n\n\n<div class=\"wp-block-group is-style-default has-global-padding is-layout-constrained wp-block-group-is-layout-constrained\">\n<h3 class=\"wp-block-heading has-text-align-center\">Premium-Detailing<\/h3>\n\n\n\n<p class=\"has-text-align-center\">Umfassende Pflege, die jedes Fahrzeug in neuem Glanz erstrahlen l\u00e4sst.<\/p>\n<\/div>\n<\/div>\n<\/div>\n<\/div>\n<\/div>\n\n<div class=\"wp-block-group alignfull is-style-ext-preset--group--natural-1--section has-background-background-color has-background has-global-padding is-layout-constrained wp-block-group-is-layout-constrained\" style=\"margin-top:0;margin-bottom:0;padding-top:var(--wp--preset--spacing--70);padding-bottom:var(--wp--preset--spacing--70)\">\n<div class=\"wp-block-columns alignwide are-vertically-aligned-center is-layout-flex wp-container-core-columns-is-layout-174606dc wp-block-columns-is-layout-flex\">\n<div class=\"wp-block-column is-vertically-aligned-center is-layout-flow wp-block-column-is-layout-flow\">\n<h2 class=\"wp-block-heading ext-animate--on\">Effiziente, gr\u00fcne Autopflege direkt vor Ort<\/h2>\n\n\n\n<p class=\"ext-animate--on\" style=\"margin-top:1.5rem\">Erleben Sie unsere nachhaltigen Reinigungsmethoden \u2013 buchen Sie jetzt einfach online und genie\u00dfen Sie frisches, sauberes Fahrzeuggef\u00fchl ohne Wartezeiten.<\/p>\n\n\n\n<div class=\"wp-block-buttons ext-animate--on is-layout-flex wp-block-buttons-is-layout-flex\">\n<div class=\"wp-block-button is-style-ext-preset--button--natural-1--button-1 is-style-ext-preset--button--natural-1--button-1--12\"><a class=\"wp-block-button__link wp-element-button\" href=\"https:\/\/greenmobileclean.de\/en\/buchung\/\">Jetzt Termin buchen<\/a><\/div>\n<\/div>\n<\/div>\n\n\n\n<div class=\"wp-block-column is-vertically-aligned-center is-layout-flow wp-block-column-is-layout-flow\">\n<figure class=\"wp-block-image is-style-ext-preset--image--natural-1--image-1--content-right ext-animate--on is-style-ext-preset--image--natural-1--image-1--content-right--13\"><img loading=\"lazy\" decoding=\"async\" width=\"1440\" height=\"960\" class=\"wp-image-99\" src=\"https:\/\/greenmobileclean.de\/wp-content\/uploads\/2026\/03\/f4c2ffaa4156d967e9df79cb797adb04d0abb0c3.jpg\" alt=\"\" style=\"aspect-ratio:4\/3;object-fit:cover\" srcset=\"https:\/\/greenmobileclean.de\/wp-content\/uploads\/2026\/03\/f4c2ffaa4156d967e9df79cb797adb04d0abb0c3.jpg 1440w, https:\/\/greenmobileclean.de\/wp-content\/uploads\/2026\/03\/f4c2ffaa4156d967e9df79cb797adb04d0abb0c3-300x200.jpg 300w, https:\/\/greenmobileclean.de\/wp-content\/uploads\/2026\/03\/f4c2ffaa4156d967e9df79cb797adb04d0abb0c3-1024x683.jpg 1024w, https:\/\/greenmobileclean.de\/wp-content\/uploads\/2026\/03\/f4c2ffaa4156d967e9df79cb797adb04d0abb0c3-768x512.jpg 768w, https:\/\/greenmobileclean.de\/wp-content\/uploads\/2026\/03\/f4c2ffaa4156d967e9df79cb797adb04d0abb0c3-18x12.jpg 18w, https:\/\/greenmobileclean.de\/wp-content\/uploads\/2026\/03\/f4c2ffaa4156d967e9df79cb797adb04d0abb0c3-600x400.jpg 600w\" sizes=\"auto, (max-width: 1440px) 100vw, 1440px\" \/><\/figure>\n<\/div>\n<\/div>\n<\/div>","protected":false},"excerpt":{"rendered":"<p>Umweltfreundliche Fahrzeugpflege, schnell und flexibel Entdecken Sie unsere Galerie mit Bildern, die unsere nachhaltigen und praktischen Reinigungsservices widerspiegeln. Flexibel buchbare Reinigungsabonnements Erleben Sie unser breites Angebot an umweltfreundlichen Fahrzeugpflegeleistungen, die mit Sorgfalt und Pr\u00e4zision durchgef\u00fchrt werden. Basisreinigung Ideal f\u00fcr schnelle Auffrischungen, die Ihr Fahrzeug strahlen lassen. Innenraumaufbereitung Gr\u00fcndliche Reinigung und Pflege f\u00fcr ein frisches Innenraumgef\u00fchl. [&hellip;]<\/p>\n","protected":false},"author":1,"featured_media":0,"parent":0,"menu_order":0,"comment_status":"closed","ping_status":"closed","template":"page-with-title","meta":{"footnotes":""},"class_list":["post-37","page","type-page","status-publish","hentry"],"jetpack_sharing_enabled":true,"_links":{"self":[{"href":"https:\/\/greenmobileclean.de\/en\/wp-json\/wp\/v2\/pages\/37","targetHints":{"allow":["GET"]}}],"collection":[{"href":"https:\/\/greenmobileclean.de\/en\/wp-json\/wp\/v2\/pages"}],"about":[{"href":"https:\/\/greenmobileclean.de\/en\/wp-json\/wp\/v2\/types\/page"}],"author":[{"embeddable":true,"href":"https:\/\/greenmobileclean.de\/en\/wp-json\/wp\/v2\/users\/1"}],"replies":[{"embeddable":true,"href":"https:\/\/greenmobileclean.de\/en\/wp-json\/wp\/v2\/comments?post=37"}],"version-history":[{"count":2,"href":"https:\/\/greenmobileclean.de\/en\/wp-json\/wp\/v2\/pages\/37\/revisions"}],"predecessor-version":[{"id":108,"href":"https:\/\/greenmobileclean.de\/en\/wp-json\/wp\/v2\/pages\/37\/revisions\/108"}],"wp:attachment":[{"href":"https:\/\/greenmobileclean.de\/en\/wp-json\/wp\/v2\/media?parent=37"}],"curies":[{"name":"wp","href":"https:\/\/api.w.org\/{rel}","templated":true}]}}